{"id":994,"date":"2026-03-24T16:50:51","date_gmt":"2026-03-24T14:50:51","guid":{"rendered":"https:\/\/jokabetscasino.com\/app\/"},"modified":"2026-03-25T10:50:11","modified_gmt":"2026-03-25T08:50:11","slug":"aplicacao","status":"publish","type":"page","link":"https:\/\/jokabetscasino.com\/pt-pt\/aplicacao\/","title":{"rendered":"Aplica\u00e7\u00e3o"},"content":{"rendered":"<h1>Aplica\u00e7\u00e3o Jokabet Casino<\/h1>\n<p>Jokabet Casino app \u00e9 a sua oportunidade de permanecer online e jogar os seus jogos favoritos em qualquer lugar. Agora, n\u00e3o est\u00e1 limitado pela localiza\u00e7\u00e3o do seu PC ou port\u00e1til. O software m\u00f3vel \u00e9 bem desenvolvido, proporcionando uma experi\u00eancia de jogo online de primeira classe para todos os nossos clientes do Portugal diretamente nos seus telem\u00f3veis.<\/p>\n<p>A aplica\u00e7\u00e3o \u00e9 compat\u00edvel com iOS e Android, garantindo acesso a todas as ofertas dispon\u00edveis na vers\u00e3o para computador. Desde jogos de casino recompensadores a um servi\u00e7o de apoio ao cliente dispon\u00edvel 24 horas por dia, protocolos de seguran\u00e7a robustos e atividades desportivas envolventes, o software m\u00f3vel proporciona uma experi\u00eancia online segura, fluida e agrad\u00e1vel.<\/p>\n<p>Todos os mesmos processos, como registo, login, pagamento e muito mais, est\u00e3o agora dispon\u00edveis no seu smartphone ou tablet. Se \u00e9 novo na nossa plataforma, conclua o processo de registo e receba um generoso pacote de boas-vindas de at\u00e9 1.500 \u20ac + 250 rodadas gr\u00e1tis, que ser\u00e3o divididas entre os seus tr\u00eas primeiros dep\u00f3sitos.<\/p>\n<div class=\"banner-wrap\" aria-label=\"Banner\"><img src=\"https:\/\/jokabetscasino.com\/wp-content\/uploads\/2026\/03\/Jokabet-bonus-desktop.webp\" class=\"w-100 d-none d-lg-block img-pc main-banner-img\" alt=\"Jockabet bonus desktop\" fetchpriority=\"high\" decoding=\"async\"><img src=\"https:\/\/jokabetscasino.com\/wp-content\/uploads\/2026\/03\/Jokabet-bonus-mobile.webp\" class=\"w-100 d-none d-md-block d-lg-none main-banner-img\" alt=\"Jokabet bonus mobile\" fetchpriority=\"high\" decoding=\"async\"><img src=\"https:\/\/jokabetscasino.com\/wp-content\/uploads\/2026\/03\/Jokabet-bonus-mobile.webp\" class=\"w-100 d-md-none\" alt=\"Jokabet bonus mobile\" fetchpriority=\"high\" decoding=\"async\"><div class=\"banner-description\">\n<div class=\"banner-title\">B\u00f3nus de Boas-Vindas<\/div>\n<p class=\"banner-header-title\">\u20ac1500<\/p>\n<div class=\"banner-header-AdditionalText\">+ 250 Rodadas Gr\u00e1tis<\/div>\n<button data-item=\"homepage_banner_link\" class=\"goto m-button m-gradient-border m-button--primary m-button--large banner-button btn-orange\">\n            <div class=\"m-button-content\">\n                <span>Registe-se agora<\/span>\n                <span><\/span>\n            <\/div>\n        <\/button>\n<\/div>\n<div class=\"WelcomePack\">\n<p><img loading=\"lazy\" decoding=\"async\" class=\"alignnone size-full wp-image-788\" src=\"https:\/\/jokabetscasino.com\/wp-content\/uploads\/2026\/03\/welcome-crown.png\" alt=\"welcome crown\" width=\"25\" height=\"26\" \/><\/p>\n<div class=\"WelcomePack-Info\">Cashback semanal at\u00e9 25%<\/div>\n<p><img loading=\"lazy\" decoding=\"async\" class=\"alignnone size-full wp-image-788\" src=\"https:\/\/jokabetscasino.com\/wp-content\/uploads\/2026\/03\/welcome-crown.png\" alt=\"welcome crown\" width=\"25\" height=\"26\" \/><\/p>\n<\/div>\n<\/div>\n<h2>Principais funcionalidades<\/h2>\n<p>A aplica\u00e7\u00e3o Jokabet oferece uma ampla gama de funcionalidades que permitem uma explora\u00e7\u00e3o r\u00e1pida e f\u00e1cil, tornando-a uma op\u00e7\u00e3o preferida entre os softwares de jogos de azar. Existe tamb\u00e9m uma vers\u00e3o conveniente para navegador que pode utilizar no Google Chrome, Safari ou qualquer outro navegador.<\/p>\n<p>As op\u00e7\u00f5es m\u00f3veis s\u00e3o um reflexo da vers\u00e3o principal para computador. Garantimos que n\u00e3o perder\u00e1 nada ao jogar num smartphone ou tablet. A Joka Bet reuniu algumas das principais funcionalidades da plataforma que distinguem o software m\u00f3vel dos demais no mercado:<\/p>\n<ul>\n<li>Jogos de casino. Os utilizadores podem jogar mais de 6.000 t\u00edtulos de casino, incluindo slots online modernas, jogos de mesa, op\u00e7\u00f5es com crupi\u00ea ao vivo e outras op\u00e7\u00f5es interessantes de fornecedores de software conhecidos.<\/li>\n<li>Apostas ao vivo. Esta sec\u00e7\u00e3o apresenta apostas em tempo real em v\u00e1rios eventos desportivos e de eSports, aumentando a emo\u00e7\u00e3o da sua experi\u00eancia online no Jokabet Casino.<\/li>\n<li>Estat\u00edsticas em jogo. Desfrute de estat\u00edsticas em tempo real, odds e atualiza\u00e7\u00f5es sobre eventos em andamento para ajud\u00e1-lo a tomar melhores decis\u00f5es de jogo.<\/li>\n<li>Promo\u00e7\u00f5es e b\u00f3nus. No software m\u00f3vel, pode aceder a todos os benef\u00edcios dispon\u00edveis que aumentam o seu saldo, elevando as chances de ganhar muito, incluindo o pacote de boas-vindas, reembolso semanal, rakeback e muito mais.<\/li>\n<li>Suporte multilingue. A aplica\u00e7\u00e3o Jokabet suporta v\u00e1rios idiomas, tornando-a acess\u00edvel a clientes em todos os continentes. O chat ao vivo integrado permite-lhe contactar os nossos gestores de apoio ao cliente em segundos.<\/li>\n<\/ul>\n<p>As funcionalidades da nossa aplica\u00e7\u00e3o proporcionam uma experi\u00eancia de aposta excelente e satisfat\u00f3ria, garantindo que todos os jogadores tenham op\u00e7\u00f5es que se adequam \u00e0s suas prefer\u00eancias. As estat\u00edsticas em jogo e as funcionalidades de apostas ao vivo s\u00e3o fundamentais para aqueles que preferem uma experi\u00eancia em tempo real.<\/p>\n<p><div class=\"scrollable-content-wrap my-5\"><div class=\"scrollable-content-inner\"><h2>Aplica\u00e7\u00e3o Joka Bet Casino para Android<\/h2>\n<p>Todos os nossos utilizadores Android podem experimentar a conveniente aplica\u00e7\u00e3o Jokabet. \u00c9 uma aplica\u00e7\u00e3o web progressiva (PWA) que n\u00e3o consome muito do armazenamento do seu dispositivo, pois depende de dados em cache. O software m\u00f3vel pode ser instalado diretamente a partir do nosso site. N\u00e3o precisa de criar contas em nenhuma loja de aplica\u00e7\u00f5es. Testamos regularmente o software e podemos garantir que \u00e9 seguro.<\/p>\n<p>A nossa vers\u00e3o m\u00f3vel n\u00e3o requer o download de nenhum ficheiro APK Jokabet, o que pode ser perigoso para o seu dispositivo m\u00f3vel. Se estiver diante do processo de instala\u00e7\u00e3o, pode usar as nossas instru\u00e7\u00f5es passo a passo para torn\u00e1-lo r\u00e1pido e sem problemas:<\/p>\n<ol>\n<li>Aceda ao nosso site no seu dispositivo m\u00f3vel em qualquer navegador de sua prefer\u00eancia.<\/li>\n<li>No rodap\u00e9 da p\u00e1gina inicial, encontrar\u00e1 o bot\u00e3o \u00abCasino App\u00bb.<\/li>\n<li>Na p\u00e1gina que aparece no seu ecr\u00e3, clique em \u00abInstalar\u00bb.<\/li>\n<li>Ap\u00f3s a conclus\u00e3o do processo, ver\u00e1 o \u00edcone Jokabet no ecr\u00e3 inicial.<\/li>\n<\/ol>\n<p>Ap\u00f3s a instala\u00e7\u00e3o, inicie a aplica\u00e7\u00e3o m\u00f3vel e inicie sess\u00e3o na sua conta ou crie uma nova. Agora pode explorar diferentes t\u00edtulos de casino, incluindo o lobby de jogos de mesa, casino ao vivo e op\u00e7\u00f5es de slots. Al\u00e9m da variedade de jogos, pode desbloquear ofertas generosas que o recompensar\u00e3o com rodadas gr\u00e1tis, ofertas de recarga e dinheiro adicional.<\/p>\n<p><img loading=\"lazy\" decoding=\"async\" src=\"https:\/\/jokabetscasino.com\/wp-content\/uploads\/2026\/03\/Jokabets-Android.webp\" alt=\"Jokabets Android App\" width=\"1248\" height=\"536\" \/><\/p>\n<\/div><\/div><div style=\"clear: both\"><\/div><div class=\"d-flex justify-content-center\"><button data-item=\"decouvrez_link\" data-group=\"website_links\" class=\"goto fw-bold rounded-pill btn btn-orange\" aria-label=\"Descarregue a aplica\u00e7\u00e3o Jokabet\" >Descarregue a aplica\u00e7\u00e3o Jokabet<\/button><\/div><div class=\"scrollable-content-wrap my-5\"><div class=\"scrollable-content-inner\"><h2>Jokabet Casino para o seu dispositivo iOS<\/h2>\n<p>Al\u00e9m de oferecer software m\u00f3vel para utilizadores Android, disponibilizamos uma aplica\u00e7\u00e3o Joka Bet conveniente para utilizadores de iPhone e iPad. A instala\u00e7\u00e3o deste software \u00e9 f\u00e1cil. S\u00f3 precisa de um dispositivo m\u00f3vel e uma liga\u00e7\u00e3o \u00e0 Internet est\u00e1vel. A instala\u00e7\u00e3o pode ser feita atrav\u00e9s do link \u00abAplica\u00e7\u00e3o de Casino\u00bb, que pode encontrar na p\u00e1gina principal. Se tiver algum problema, pode contactar a nossa equipa de apoio para obter assist\u00eancia.<\/p>\n<p>Se possui um dispositivo iOS e deseja desfrutar das melhores funcionalidades do Joka Bet em qualquer lugar, basta abrir o Safari ou qualquer outro navegador e visitar o nosso site oficial. Ter\u00e1 acesso a milhares de jogos, pagamentos seguros e jogos com dinheiro real. Para um acesso mais r\u00e1pido, pode instalar um \u00edcone de atalho ou fixar a p\u00e1gina do Joka Bet no seu navegador.<\/p>\n<p><img loading=\"lazy\" decoding=\"async\" src=\"https:\/\/jokabetscasino.com\/wp-content\/uploads\/2026\/03\/Jokabets-iOS-App.webp\" alt=\"Jokabets iOS App\" width=\"1248\" height=\"536\" \/><\/p>\n<\/div><\/div><div style=\"clear: both\"><\/div><div class=\"d-flex justify-content-center\"><button data-item=\"decouvrez_link\" data-group=\"website_links\" class=\"goto fw-bold rounded-pill btn btn-orange\" aria-label=\"Descarregue Jokabet\" >Descarregue Jokabet<\/button><\/div><div class=\"scrollable-content-wrap my-5\"><div class=\"scrollable-content-inner\"><h2>Aplica\u00e7\u00e3o de Joka Bet para Windows e macOS<\/h2>\n<p>V\u00e1rias plataformas de jogos de azar online oferecem vers\u00f5es baseadas na web para utilizadores de computadores e o mesmo se aplica ao casino online Jokabet. Pode sempre usar o site em qualquer navegador moderno no macOS ou Windows ou instalar a aplica\u00e7\u00e3o web Jokabet no seu computador.<\/p>\n<p>\u00c9 um software sofisticado que ir\u00e1 melhorar a sua experi\u00eancia online num PC ou port\u00e1til. Todas as funcionalidades do Joka Bet, incluindo dep\u00f3sitos, levantamentos, jogos de casino, interface, suporte 24 horas por dia, 7 dias por semana, jogos desportivos e b\u00f3nus, est\u00e3o dispon\u00edveis na vers\u00e3o web. Se quiser jogar em diferentes dispositivos em diferentes situa\u00e7\u00f5es, isso n\u00e3o \u00e9 um problema. Todas as suas prefer\u00eancias e conquistas ser\u00e3o sincronizadas entre os dispositivos.<\/p>\n<p>Agora, instalar a aplica\u00e7\u00e3o web no seu computador Windows \u00e9 muito simples. No Chrome ou Safari, abra o site, selecione o \u00edcone \u00abCasino App\u00bb e concorde em descarregar e instalar a aplica\u00e7\u00e3o de jogos Jokabet Casino no seu PC Windows ou macOS. Depois disso, o \u00edcone da marca ser\u00e1 automaticamente configurado no seu dispositivo e aparecer\u00e1 no seu ecr\u00e3. Abra-o para come\u00e7ar a sua experi\u00eancia de jogo Jokabet.<\/p>\n<p><img loading=\"lazy\" decoding=\"async\" src=\"https:\/\/jokabetscasino.com\/wp-content\/uploads\/2026\/03\/Jokabets-Desktop.webp\" alt=\"Jokabets Desktop\" width=\"1248\" height=\"536\" \/><\/p>\n<\/div><\/div><div style=\"clear: both\"><\/div><div class=\"d-flex justify-content-center\"><button data-item=\"decouvrez_link\" data-group=\"website_links\" class=\"goto fw-bold rounded-pill btn btn-orange\" aria-label=\"Descarregue a aplica\u00e7\u00e3o Jokabet\" >Descarregue a aplica\u00e7\u00e3o Jokabet<\/button><\/div><div class=\"scrollable-content-wrap my-5\"><div class=\"scrollable-content-inner\"><h2>Perguntas frequentes<\/h2>\n<h3>O apoio ao cliente est\u00e1 dispon\u00edvel atrav\u00e9s do software m\u00f3vel Jokabet Casino?<\/h3>\n<p>A Jokabet oferece atendimento ao cliente 24 horas por dia, 7 dias por semana, para ajudar com qualquer problema que possa ter. Pode contactar o departamento de ajuda por e-mail ou chat online, dispon\u00edvel na aplica\u00e7\u00e3o. O chat ao vivo \u00e9 o canal preferido para assuntos urgentes relacionados com t\u00edtulos, b\u00f3nus de boas-vindas, pagamentos e muito mais. Em alternativa, pode usar a op\u00e7\u00e3o de e-mail se precisar de uma explica\u00e7\u00e3o mais detalhada.<\/p>\n<h3>Existe uma aplica\u00e7\u00e3o do Joka Bet Casino para Windows e macOS?<\/h3>\n<p>Os nossos clientes podem descarregar e configurar a vers\u00e3o web do Jokabet nos seus computadores. Todas as ofertas do Jokabet Casino, incluindo promo\u00e7\u00f5es de b\u00f3nus, biblioteca de jogos, apostas desportivas, pagamentos e registo, est\u00e3o dispon\u00edveis para si. Tamb\u00e9m pode usar a vers\u00e3o do navegador, que oferece uma excelente experi\u00eancia personalizada.<\/p>\n<h3>Preciso de uma conta para usar o Jokabet Casino em dispositivos m\u00f3veis?<\/h3>\n<p>Para utilizar todas as funcionalidades da aplica\u00e7\u00e3o do Casino Jokabet, ter\u00e1 de criar uma conta. Mas n\u00e3o se preocupe, isso pode ser feito diretamente no software m\u00f3vel. Se j\u00e1 tiver um perfil no nosso site, basta iniciar sess\u00e3o. Sem uma conta, os utilizadores s\u00f3 podem jogar alguns t\u00edtulos no modo de demonstra\u00e7\u00e3o.<\/p>\n<h3>Posso jogar jogos ao vivo na aplica\u00e7\u00e3o do Casino Joka Bet?<\/h3>\n<p>Os jogos com crupi\u00ea ao vivo est\u00e3o dispon\u00edveis no software m\u00f3vel, incluindo programas de jogos, roleta, bacar\u00e1, p\u00f3quer e variantes de blackjack. Estes t\u00edtulos de casino s\u00e3o fornecidos pelas principais marcas da ind\u00fastria de jogos. Pode desfrutar de op\u00e7\u00f5es como a Roleta Europeia e o Casino Hold&#8217;em Poker.<\/p>\n<h3>Todos os jogos est\u00e3o dispon\u00edveis na aplica\u00e7\u00e3o?<\/h3>\n<p>A aplica\u00e7\u00e3o m\u00f3vel oferece todas as funcionalidades dispon\u00edveis na vers\u00e3o para computador. Tem acesso a toda a sele\u00e7\u00e3o de jogos, com milhares de t\u00edtulos em diferentes categorias e g\u00e9neros. Utilizar um dispositivo m\u00f3vel n\u00e3o piorar\u00e1 a sua experi\u00eancia de jogo, mas sim a tornar\u00e1 ainda melhor e mais conveniente.<\/p>\n<h3>Como atualizar o software do Jokabet Casino?<\/h3>\n<p>Como o software m\u00f3vel \u00e9 constru\u00eddo como um aplicativo web progressivo, ele \u00e9 atualizado automaticamente sem exigir nenhuma a\u00e7\u00e3o adicional da sua parte. Se houver altera\u00e7\u00f5es e atualiza\u00e7\u00f5es importantes, iremos inform\u00e1-lo por meio de notifica\u00e7\u00f5es push e e-mail. Para obter informa\u00e7\u00f5es adicionais, entre em contacto com o nosso servi\u00e7o de atendimento ao cliente.<\/p>\n<h3>Como levantar os ganhos atrav\u00e9s da aplica\u00e7\u00e3o?<\/h3>\n<p>Levantar os ganhos atrav\u00e9s da aplica\u00e7\u00e3o \u00e9 simples. Oferecemos todos os mesmos m\u00e9todos de pagamento que na vers\u00e3o principal para PC. O processo demora apenas alguns minutos. Basta ir \u00e0 sec\u00e7\u00e3o de dep\u00f3sitos e escolher \u00abLevantamento\u00bb. Depois disso, siga as instru\u00e7\u00f5es no ecr\u00e3 para concluir a transa\u00e7\u00e3o.<\/p>\n<\/div><\/div><\/p>\n","protected":false},"excerpt":{"rendered":"<p>Aplica\u00e7\u00e3o Jokabet Casino Jokabet Casino app \u00e9 a sua oportunidade de permanecer online e jogar os seus jogos favoritos em qualquer lugar. Agora, n\u00e3o est\u00e1 limitado pela localiza\u00e7\u00e3o do seu PC ou port\u00e1til. O software m\u00f3vel \u00e9 bem desenvolvido, proporcionando uma experi\u00eancia de jogo online de primeira classe para todos os nossos clientes do Portugal [&hellip;]<\/p>\n","protected":false},"author":1,"featured_media":0,"parent":0,"menu_order":0,"comment_status":"closed","ping_status":"closed","template":"template-builder.php","meta":{"_acf_changed":false,"inline_featured_image":false,"footnotes":""},"class_list":["post-994","page","type-page","status-publish","hentry"],"acf":[],"yoast_head":"<!-- This site is optimized with the Yoast SEO plugin v27.3 - https:\/\/yoast.com\/product\/yoast-seo-wordpress\/ -->\n<title>Aplica\u00e7\u00e3o do Casino Jokabet | Descarregue a Aplica\u00e7\u00e3o do Casino Joka Bet<\/title>\n<meta name=\"description\" content=\"Jogue os seus jogos favoritos em qualquer lugar! Descarregue o ficheiro APK da aplica\u00e7\u00e3o do Casino Jokabet para Android ou iOS e aceda no Windows ou Mac\" \/>\n<meta name=\"robots\" content=\"index, follow, max-snippet:-1, max-image-preview:large, max-video-preview:-1\" \/>\n<link rel=\"canonical\" href=\"https:\/\/jokabetscasino.com\/pt-pt\/aplicacao\/\" \/>\n<meta property=\"og:locale\" content=\"pt_PT\" \/>\n<meta property=\"og:type\" content=\"article\" \/>\n<meta property=\"og:title\" content=\"Aplica\u00e7\u00e3o do Casino Jokabet | Descarregue a Aplica\u00e7\u00e3o do Casino Joka Bet\" \/>\n<meta property=\"og:description\" content=\"Jogue os seus jogos favoritos em qualquer lugar! Descarregue o ficheiro APK da aplica\u00e7\u00e3o do Casino Jokabet para Android ou iOS e aceda no Windows ou Mac\" \/>\n<meta property=\"og:url\" content=\"https:\/\/jokabetscasino.com\/pt-pt\/aplicacao\/\" \/>\n<meta property=\"og:site_name\" content=\"jokabet\" \/>\n<meta property=\"article:modified_time\" content=\"2026-03-25T08:50:11+00:00\" \/>\n<meta name=\"twitter:card\" content=\"summary_large_image\" \/>\n<meta name=\"twitter:label1\" content=\"Est. reading time\" \/>\n\t<meta name=\"twitter:data1\" content=\"3 minutos\" \/>\n<script type=\"application\/ld+json\" class=\"yoast-schema-graph\">{\"@context\":\"https:\\\/\\\/schema.org\",\"@graph\":[{\"@type\":\"WebPage\",\"@id\":\"https:\\\/\\\/jokabetscasino.com\\\/pt-pt\\\/aplicacao\\\/\",\"url\":\"https:\\\/\\\/jokabetscasino.com\\\/pt-pt\\\/aplicacao\\\/\",\"name\":\"Aplica\u00e7\u00e3o do Casino Jokabet | Descarregue a Aplica\u00e7\u00e3o do Casino Joka Bet\",\"isPartOf\":{\"@id\":\"https:\\\/\\\/jokabetscasino.com\\\/pt-pt\\\/#website\"},\"datePublished\":\"2026-03-24T14:50:51+00:00\",\"dateModified\":\"2026-03-25T08:50:11+00:00\",\"description\":\"Jogue os seus jogos favoritos em qualquer lugar! Descarregue o ficheiro APK da aplica\u00e7\u00e3o do Casino Jokabet para Android ou iOS e aceda no Windows ou Mac\",\"breadcrumb\":{\"@id\":\"https:\\\/\\\/jokabetscasino.com\\\/pt-pt\\\/aplicacao\\\/#breadcrumb\"},\"inLanguage\":\"pt-PT\",\"potentialAction\":[{\"@type\":\"ReadAction\",\"target\":[\"https:\\\/\\\/jokabetscasino.com\\\/pt-pt\\\/aplicacao\\\/\"]}]},{\"@type\":\"BreadcrumbList\",\"@id\":\"https:\\\/\\\/jokabetscasino.com\\\/pt-pt\\\/aplicacao\\\/#breadcrumb\",\"itemListElement\":[{\"@type\":\"ListItem\",\"position\":1,\"name\":\"Jokabet\",\"item\":\"https:\\\/\\\/jokabetscasino.com\\\/pt-pt\\\/\"},{\"@type\":\"ListItem\",\"position\":2,\"name\":\"Aplica\u00e7\u00e3o\"}]},{\"@type\":\"WebSite\",\"@id\":\"https:\\\/\\\/jokabetscasino.com\\\/pt-pt\\\/#website\",\"url\":\"https:\\\/\\\/jokabetscasino.com\\\/pt-pt\\\/\",\"name\":\"Jokabet\",\"description\":\"\",\"publisher\":{\"@id\":\"https:\\\/\\\/jokabetscasino.com\\\/pt-pt\\\/#organization\"},\"potentialAction\":[{\"@type\":\"SearchAction\",\"target\":{\"@type\":\"EntryPoint\",\"urlTemplate\":\"https:\\\/\\\/jokabetscasino.com\\\/pt-pt\\\/?s={search_term_string}\"},\"query-input\":{\"@type\":\"PropertyValueSpecification\",\"valueRequired\":true,\"valueName\":\"search_term_string\"}}],\"inLanguage\":\"pt-PT\"},{\"@type\":\"Organization\",\"@id\":\"https:\\\/\\\/jokabetscasino.com\\\/pt-pt\\\/#organization\",\"name\":\"Jokabet\",\"url\":\"https:\\\/\\\/jokabetscasino.com\\\/pt-pt\\\/\",\"logo\":{\"@type\":\"ImageObject\",\"inLanguage\":\"pt-PT\",\"@id\":\"https:\\\/\\\/jokabetscasino.com\\\/pt-pt\\\/#\\\/schema\\\/logo\\\/image\\\/\",\"url\":\"https:\\\/\\\/jokabetscasino.com\\\/wp-content\\\/uploads\\\/2026\\\/03\\\/Jokabet-logo-main-1.png\",\"contentUrl\":\"https:\\\/\\\/jokabetscasino.com\\\/wp-content\\\/uploads\\\/2026\\\/03\\\/Jokabet-logo-main-1.png\",\"width\":100,\"height\":36,\"caption\":\"Jokabet\"},\"image\":{\"@id\":\"https:\\\/\\\/jokabetscasino.com\\\/pt-pt\\\/#\\\/schema\\\/logo\\\/image\\\/\"}}]}<\/script>\n<!-- \/ Yoast SEO plugin. -->","yoast_head_json":{"title":"Aplica\u00e7\u00e3o do Casino Jokabet | Descarregue a Aplica\u00e7\u00e3o do Casino Joka Bet","description":"Jogue os seus jogos favoritos em qualquer lugar! Descarregue o ficheiro APK da aplica\u00e7\u00e3o do Casino Jokabet para Android ou iOS e aceda no Windows ou Mac","robots":{"index":"index","follow":"follow","max-snippet":"max-snippet:-1","max-image-preview":"max-image-preview:large","max-video-preview":"max-video-preview:-1"},"canonical":"https:\/\/jokabetscasino.com\/pt-pt\/aplicacao\/","og_locale":"pt_PT","og_type":"article","og_title":"Aplica\u00e7\u00e3o do Casino Jokabet | Descarregue a Aplica\u00e7\u00e3o do Casino Joka Bet","og_description":"Jogue os seus jogos favoritos em qualquer lugar! Descarregue o ficheiro APK da aplica\u00e7\u00e3o do Casino Jokabet para Android ou iOS e aceda no Windows ou Mac","og_url":"https:\/\/jokabetscasino.com\/pt-pt\/aplicacao\/","og_site_name":"jokabet","article_modified_time":"2026-03-25T08:50:11+00:00","twitter_card":"summary_large_image","twitter_misc":{"Est. reading time":"3 minutos"},"schema":{"@context":"https:\/\/schema.org","@graph":[{"@type":"WebPage","@id":"https:\/\/jokabetscasino.com\/pt-pt\/aplicacao\/","url":"https:\/\/jokabetscasino.com\/pt-pt\/aplicacao\/","name":"Aplica\u00e7\u00e3o do Casino Jokabet | Descarregue a Aplica\u00e7\u00e3o do Casino Joka Bet","isPartOf":{"@id":"https:\/\/jokabetscasino.com\/pt-pt\/#website"},"datePublished":"2026-03-24T14:50:51+00:00","dateModified":"2026-03-25T08:50:11+00:00","description":"Jogue os seus jogos favoritos em qualquer lugar! Descarregue o ficheiro APK da aplica\u00e7\u00e3o do Casino Jokabet para Android ou iOS e aceda no Windows ou Mac","breadcrumb":{"@id":"https:\/\/jokabetscasino.com\/pt-pt\/aplicacao\/#breadcrumb"},"inLanguage":"pt-PT","potentialAction":[{"@type":"ReadAction","target":["https:\/\/jokabetscasino.com\/pt-pt\/aplicacao\/"]}]},{"@type":"BreadcrumbList","@id":"https:\/\/jokabetscasino.com\/pt-pt\/aplicacao\/#breadcrumb","itemListElement":[{"@type":"ListItem","position":1,"name":"Jokabet","item":"https:\/\/jokabetscasino.com\/pt-pt\/"},{"@type":"ListItem","position":2,"name":"Aplica\u00e7\u00e3o"}]},{"@type":"WebSite","@id":"https:\/\/jokabetscasino.com\/pt-pt\/#website","url":"https:\/\/jokabetscasino.com\/pt-pt\/","name":"Jokabet","description":"","publisher":{"@id":"https:\/\/jokabetscasino.com\/pt-pt\/#organization"},"potentialAction":[{"@type":"SearchAction","target":{"@type":"EntryPoint","urlTemplate":"https:\/\/jokabetscasino.com\/pt-pt\/?s={search_term_string}"},"query-input":{"@type":"PropertyValueSpecification","valueRequired":true,"valueName":"search_term_string"}}],"inLanguage":"pt-PT"},{"@type":"Organization","@id":"https:\/\/jokabetscasino.com\/pt-pt\/#organization","name":"Jokabet","url":"https:\/\/jokabetscasino.com\/pt-pt\/","logo":{"@type":"ImageObject","inLanguage":"pt-PT","@id":"https:\/\/jokabetscasino.com\/pt-pt\/#\/schema\/logo\/image\/","url":"https:\/\/jokabetscasino.com\/wp-content\/uploads\/2026\/03\/Jokabet-logo-main-1.png","contentUrl":"https:\/\/jokabetscasino.com\/wp-content\/uploads\/2026\/03\/Jokabet-logo-main-1.png","width":100,"height":36,"caption":"Jokabet"},"image":{"@id":"https:\/\/jokabetscasino.com\/pt-pt\/#\/schema\/logo\/image\/"}}]}},"_links":{"self":[{"href":"https:\/\/jokabetscasino.com\/pt-pt\/wp-json\/wp\/v2\/pages\/994","targetHints":{"allow":["GET"]}}],"collection":[{"href":"https:\/\/jokabetscasino.com\/pt-pt\/wp-json\/wp\/v2\/pages"}],"about":[{"href":"https:\/\/jokabetscasino.com\/pt-pt\/wp-json\/wp\/v2\/types\/page"}],"author":[{"embeddable":true,"href":"https:\/\/jokabetscasino.com\/pt-pt\/wp-json\/wp\/v2\/users\/1"}],"replies":[{"embeddable":true,"href":"https:\/\/jokabetscasino.com\/pt-pt\/wp-json\/wp\/v2\/comments?post=994"}],"version-history":[{"count":2,"href":"https:\/\/jokabetscasino.com\/pt-pt\/wp-json\/wp\/v2\/pages\/994\/revisions"}],"predecessor-version":[{"id":1179,"href":"https:\/\/jokabetscasino.com\/pt-pt\/wp-json\/wp\/v2\/pages\/994\/revisions\/1179"}],"wp:attachment":[{"href":"https:\/\/jokabetscasino.com\/pt-pt\/wp-json\/wp\/v2\/media?parent=994"}],"curies":[{"name":"wp","href":"https:\/\/api.w.org\/{rel}","templated":true}]}}